{"id":8750,"date":"2019-01-21T14:57:39","date_gmt":"2019-01-21T14:57:39","guid":{"rendered":"https:\/\/www.vetvisuals.com\/shop\/product\/een-klinische-benadering-van-cholangitis-bij-de-kat\/"},"modified":"2019-02-11T08:39:40","modified_gmt":"2019-02-11T08:39:40","slug":"cholangitis-bij-de-kat","status":"publish","type":"product","link":"https:\/\/vetvisuals.com\/shop\/shop\/cholangitis-bij-de-kat\/","title":{"rendered":"Een klinische benadering van cholangitis bij de kat"},"content":{"rendered":"<h2>Cholangitis bij de kat in de praktijk<\/h2>\n<p>Een kat die misselijk is, niet wil eten en braakt&#8230;.. Voor de meeste dierenartsen is dit een pati\u00ebnt die meerdere keren per week wordt gezien.<\/p>\n<p>Soms helpt een kortdurende symptomatische therapie. Maar wat als de klacht aanhoudt? Cholangitis komt bij de kat geregeld voor en kan de onderliggende oorzaak zijn van braken, misselijkheid en anorexie.<\/p>\n<p>&nbsp;<\/p>\n<blockquote><p>In dit artikel, dat is geschreven voor de practicus, worden de verschillende vormen van cholangitis bij de kat besproken.<\/p><\/blockquote>\n<p>&nbsp;<\/p>\n<p>U leert welke diagnostiek moet worden ingezet en met welke therapie\u00ebn u de beste prognose voor uw pati\u00ebnt cre\u00ebert.<\/p>\n<p>&nbsp;<\/p>\n<h3>Leerdoelen<\/h3>\n<p>Na het lezen van dit artikel weet u:<\/p>\n<ul>\n<li>de verschillende vormen van cholangitis bij de kat te onderscheiden<\/li>\n<li>wanneer een echo toegevoegde waarde heeft bij cholangitis<\/li>\n<li>hoe en wanneer u een leverbiopt neemt<\/li>\n<li>op welke wijze een galblaaspunctie onder echogeleide wordt uitgevoerd<\/li>\n<li>welke pati\u00ebnten en rassen het meest gevoelig zijn voor lymfocytaire cholangitis<\/li>\n<li>wanneer antibiotica zinvol kan worden ingezet<\/li>\n<li>onderscheid te maken tussen lymfoom, FIP en lymfocytaire cholangitis<\/li>\n<li>welke therapie u het beste kunt toepassen voor de verschillende vormen van cholangitis<\/li>\n<\/ul>\n<p>&nbsp;<\/p>\n<h3>Inhoud<\/h3>\n<ul>\n<li class=\"clearfix\">Inleiding<\/li>\n<li class=\"clearfix\"><a title=\"De lever\" href=\"https:\/\/www.vetvisuals.com\/lms\/moodle\/mod\/book\/view.php?id=3176&amp;chapterid=10661\">De lever<\/a><\/li>\n<li class=\"clearfix\"><a title=\"De galblaas\" href=\"https:\/\/www.vetvisuals.com\/lms\/moodle\/mod\/book\/view.php?id=3176&amp;chapterid=10662\">De galblaas<\/a><\/li>\n<li class=\"clearfix\"><a title=\"Cholestase\" href=\"https:\/\/www.vetvisuals.com\/lms\/moodle\/mod\/book\/view.php?id=3176&amp;chapterid=10663\">Cholestase<\/a><\/li>\n<li class=\"clearfix\"><a title=\"Cholangitis\" href=\"https:\/\/www.vetvisuals.com\/lms\/moodle\/mod\/book\/view.php?id=3176&amp;chapterid=10664\">Cholangitis<\/a><\/li>\n<li class=\"clearfix\"><a title=\"Cholangitis door leverbot\" href=\"https:\/\/www.vetvisuals.com\/lms\/moodle\/mod\/book\/view.php?id=3176&amp;chapterid=10665\">Cholangitis door leverbot<\/a><\/li>\n<li class=\"clearfix\"><a title=\"Neutrofiele cholangitis\" href=\"https:\/\/www.vetvisuals.com\/lms\/moodle\/mod\/book\/view.php?id=3176&amp;chapterid=10666\">Neutrofiele cholangitis<\/a><\/li>\n<li class=\"clearfix\"><a title=\"Lymfocytaire cholangitis\" href=\"https:\/\/www.vetvisuals.com\/lms\/moodle\/mod\/book\/view.php?id=3176&amp;chapterid=10667\">Lymfocytaire cholangitis<\/a><\/li>\n<li class=\"clearfix\"><a title=\"Conclusie\" href=\"https:\/\/www.vetvisuals.com\/lms\/moodle\/mod\/book\/view.php?id=3176&amp;chapterid=10668\">Conclusie<\/a><\/li>\n<li class=\"clearfix\"><a title=\"Referenties\" href=\"https:\/\/www.vetvisuals.com\/lms\/moodle\/mod\/book\/view.php?id=3176&amp;chapterid=10669\">Referenties<\/a><\/li>\n<\/ul>\n<p>&nbsp;<\/p>\n","protected":false},"excerpt":{"rendered":"<p>Cholangitis komt bij de kat geregeld voor en kan de onderliggende oorzaak zijn van braken, misselijkheid en anorexie. In dit artikel, dat is geschreven voor de practicus, worden de verschillende vormen van cholangitis bij de kat besproken. U leert welke diagnostiek moet worden ingezet en met welke therapie\u00ebn u de beste prognose voor uw pati\u00ebnt cre\u00ebert.<\/p>\n","protected":false},"featured_media":9137,"template":"","meta":[],"product_cat":[1704,573],"product_tag":[1714,52,1715,53],"yoast_head":"<!-- This site is optimized with the Yoast SEO Premium plugin v23.5 (Yoast SEO v23.5) - https:\/\/yoast.com\/wordpress\/plugins\/seo\/ -->\n<title>Een klinische benadering van cholangitis bij de kat - VetVisuals\u00ae Shop<\/title>\n<meta name=\"description\" content=\"Cholangitis bij de kat, komt in verschillende vormen geregeld voor en kan de onderliggende oorzaak zijn van braken, misselijkheid en anorexie.\" \/>\n<meta name=\"robots\" content=\"index, follow, max-snippet:-1, max-image-preview:large, max-video-preview:-1\" \/>\n<link rel=\"canonical\" href=\"https:\/\/vetvisuals.com\/shop\/shop\/cholangitis-bij-de-kat\/\" \/>\n<meta property=\"og:locale\" content=\"en_US\" \/>\n<meta property=\"og:type\" content=\"article\" \/>\n<meta property=\"og:title\" content=\"Een klinische benadering van cholangitis bij de kat\" \/>\n<meta property=\"og:description\" content=\"Cholangitis komt bij de kat geregeld voor en kan de onderliggende oorzaak zijn van braken, misselijkheid en anorexie. In dit artikel, dat is geschreven voor de practicus, worden de verschillende vormen van cholangitis bij de kat besproken. U leert welke diagnostiek moet worden ingezet en met welke therapie\u00ebn u de beste prognose voor uw pati\u00ebnt cre\u00ebert.\" \/>\n<meta property=\"og:url\" content=\"https:\/\/vetvisuals.com\/shop\/shop\/cholangitis-bij-de-kat\/\" \/>\n<meta property=\"og:site_name\" content=\"VetVisuals\u00ae Shop\" \/>\n<meta property=\"article:modified_time\" content=\"2019-02-11T08:39:40+00:00\" \/>\n<meta property=\"og:image\" content=\"https:\/\/vetvisuals.com\/shop\/wp-content\/uploads\/2019\/01\/Een-klinische-benadering-van-cholangitis-bij-de-kat.jpg\" \/>\n\t<meta property=\"og:image:width\" content=\"1000\" \/>\n\t<meta property=\"og:image:height\" content=\"667\" \/>\n\t<meta property=\"og:image:type\" content=\"image\/jpeg\" \/>\n<meta name=\"twitter:card\" content=\"summary_large_image\" \/>\n<meta name=\"twitter:label1\" content=\"Price\" \/>\n\t<meta name=\"twitter:data1\" content=\"&euro;19.95\" \/>\n\t<meta name=\"twitter:label2\" content=\"Availability\" \/>\n\t<meta name=\"twitter:data2\" content=\"In stock\" \/>\n<script type=\"application\/ld+json\" class=\"yoast-schema-graph\">{\"@context\":\"https:\/\/schema.org\",\"@graph\":[{\"@type\":\"WebPage\",\"@id\":\"https:\/\/vetvisuals.com\/shop\/shop\/cholangitis-bij-de-kat\/\",\"url\":\"https:\/\/vetvisuals.com\/shop\/shop\/cholangitis-bij-de-kat\/\",\"name\":\"Een klinische benadering van cholangitis bij de kat - VetVisuals\u00ae Shop\",\"isPartOf\":{\"@id\":\"https:\/\/vetvisuals.com\/shop\/#website\"},\"primaryImageOfPage\":{\"@id\":\"https:\/\/vetvisuals.com\/shop\/shop\/cholangitis-bij-de-kat\/#primaryimage\"},\"image\":{\"@id\":\"https:\/\/vetvisuals.com\/shop\/shop\/cholangitis-bij-de-kat\/#primaryimage\"},\"thumbnailUrl\":\"https:\/\/vetvisuals.com\/shop\/wp-content\/uploads\/2019\/01\/Een-klinische-benadering-van-cholangitis-bij-de-kat.jpg\",\"datePublished\":\"2019-01-21T14:57:39+00:00\",\"dateModified\":\"2019-02-11T08:39:40+00:00\",\"description\":\"Cholangitis bij de kat, komt in verschillende vormen geregeld voor en kan de onderliggende oorzaak zijn van braken, misselijkheid en anorexie.\",\"breadcrumb\":{\"@id\":\"https:\/\/vetvisuals.com\/shop\/shop\/cholangitis-bij-de-kat\/#breadcrumb\"},\"inLanguage\":\"en-US\",\"potentialAction\":[{\"@type\":\"ReadAction\",\"target\":[\"https:\/\/vetvisuals.com\/shop\/shop\/cholangitis-bij-de-kat\/\"]}]},{\"@type\":\"ImageObject\",\"inLanguage\":\"en-US\",\"@id\":\"https:\/\/vetvisuals.com\/shop\/shop\/cholangitis-bij-de-kat\/#primaryimage\",\"url\":\"https:\/\/vetvisuals.com\/shop\/wp-content\/uploads\/2019\/01\/Een-klinische-benadering-van-cholangitis-bij-de-kat.jpg\",\"contentUrl\":\"https:\/\/vetvisuals.com\/shop\/wp-content\/uploads\/2019\/01\/Een-klinische-benadering-van-cholangitis-bij-de-kat.jpg\",\"width\":1000,\"height\":667,\"caption\":\"cholangitis\"},{\"@type\":\"BreadcrumbList\",\"@id\":\"https:\/\/vetvisuals.com\/shop\/shop\/cholangitis-bij-de-kat\/#breadcrumb\",\"itemListElement\":[{\"@type\":\"ListItem\",\"position\":1,\"name\":\"Home\",\"item\":\"https:\/\/vetvisuals.com\/shop\/\"},{\"@type\":\"ListItem\",\"position\":2,\"name\":\"Winkel\",\"item\":\"https:\/\/vetvisuals.com\/shop\/winkel\/\"},{\"@type\":\"ListItem\",\"position\":3,\"name\":\"Een klinische benadering van cholangitis bij de kat\"}]},{\"@type\":\"WebSite\",\"@id\":\"https:\/\/vetvisuals.com\/shop\/#website\",\"url\":\"https:\/\/vetvisuals.com\/shop\/\",\"name\":\"VetVisuals\",\"description\":\"Veterinaire nascholing voor dierenarts en paraveterinair dierenartsassistent\",\"publisher\":{\"@id\":\"https:\/\/vetvisuals.com\/shop\/#organization\"},\"alternateName\":\"Veterinaire Nascholing\",\"potentialAction\":[{\"@type\":\"SearchAction\",\"target\":{\"@type\":\"EntryPoint\",\"urlTemplate\":\"https:\/\/vetvisuals.com\/shop\/?s={search_term_string}\"},\"query-input\":{\"@type\":\"PropertyValueSpecification\",\"valueRequired\":true,\"valueName\":\"search_term_string\"}}],\"inLanguage\":\"en-US\"},{\"@type\":\"Organization\",\"@id\":\"https:\/\/vetvisuals.com\/shop\/#organization\",\"name\":\"Roman House Productions Ltd\",\"alternateName\":\"VetVisuals\",\"url\":\"https:\/\/vetvisuals.com\/shop\/\",\"logo\":{\"@type\":\"ImageObject\",\"inLanguage\":\"en-US\",\"@id\":\"https:\/\/vetvisuals.com\/shop\/#\/schema\/logo\/image\/\",\"url\":\"https:\/\/vetvisuals.com\/shop\/wp-content\/uploads\/2019\/01\/logo-vv-newdp.jpg\",\"contentUrl\":\"https:\/\/vetvisuals.com\/shop\/wp-content\/uploads\/2019\/01\/logo-vv-newdp.jpg\",\"width\":300,\"height\":67,\"caption\":\"Roman House Productions Ltd\"},\"image\":{\"@id\":\"https:\/\/vetvisuals.com\/shop\/#\/schema\/logo\/image\/\"},\"sameAs\":[\"https:\/\/www.instagram.com\/vetvisuals.nl\/\"]}]}<\/script>\n<meta property=\"product:price:amount\" content=\"19.95\" \/>\n<meta property=\"product:price:currency\" content=\"EUR\" \/>\n<meta property=\"og:availability\" content=\"instock\" \/>\n<meta property=\"product:availability\" content=\"instock\" \/>\n<meta property=\"product:condition\" content=\"new\" \/>\n<!-- \/ Yoast SEO Premium plugin. -->","yoast_head_json":{"title":"Een klinische benadering van cholangitis bij de kat - VetVisuals\u00ae Shop","description":"Cholangitis bij de kat, komt in verschillende vormen geregeld voor en kan de onderliggende oorzaak zijn van braken, misselijkheid en anorexie.","robots":{"index":"index","follow":"follow","max-snippet":"max-snippet:-1","max-image-preview":"max-image-preview:large","max-video-preview":"max-video-preview:-1"},"canonical":"https:\/\/vetvisuals.com\/shop\/shop\/cholangitis-bij-de-kat\/","og_locale":"en_US","og_type":"article","og_title":"Een klinische benadering van cholangitis bij de kat","og_description":"Cholangitis komt bij de kat geregeld voor en kan de onderliggende oorzaak zijn van braken, misselijkheid en anorexie. In dit artikel, dat is geschreven voor de practicus, worden de verschillende vormen van cholangitis bij de kat besproken. U leert welke diagnostiek moet worden ingezet en met welke therapie\u00ebn u de beste prognose voor uw pati\u00ebnt cre\u00ebert.","og_url":"https:\/\/vetvisuals.com\/shop\/shop\/cholangitis-bij-de-kat\/","og_site_name":"VetVisuals\u00ae Shop","article_modified_time":"2019-02-11T08:39:40+00:00","og_image":[{"width":1000,"height":667,"url":"https:\/\/vetvisuals.com\/shop\/wp-content\/uploads\/2019\/01\/Een-klinische-benadering-van-cholangitis-bij-de-kat.jpg","type":"image\/jpeg"}],"twitter_card":"summary_large_image","twitter_misc":{"Price":"&euro;19.95","Availability":"In stock"},"schema":{"@context":"https:\/\/schema.org","@graph":[{"@type":"WebPage","@id":"https:\/\/vetvisuals.com\/shop\/shop\/cholangitis-bij-de-kat\/","url":"https:\/\/vetvisuals.com\/shop\/shop\/cholangitis-bij-de-kat\/","name":"Een klinische benadering van cholangitis bij de kat - VetVisuals\u00ae Shop","isPartOf":{"@id":"https:\/\/vetvisuals.com\/shop\/#website"},"primaryImageOfPage":{"@id":"https:\/\/vetvisuals.com\/shop\/shop\/cholangitis-bij-de-kat\/#primaryimage"},"image":{"@id":"https:\/\/vetvisuals.com\/shop\/shop\/cholangitis-bij-de-kat\/#primaryimage"},"thumbnailUrl":"https:\/\/vetvisuals.com\/shop\/wp-content\/uploads\/2019\/01\/Een-klinische-benadering-van-cholangitis-bij-de-kat.jpg","datePublished":"2019-01-21T14:57:39+00:00","dateModified":"2019-02-11T08:39:40+00:00","description":"Cholangitis bij de kat, komt in verschillende vormen geregeld voor en kan de onderliggende oorzaak zijn van braken, misselijkheid en anorexie.","breadcrumb":{"@id":"https:\/\/vetvisuals.com\/shop\/shop\/cholangitis-bij-de-kat\/#breadcrumb"},"inLanguage":"en-US","potentialAction":[{"@type":"ReadAction","target":["https:\/\/vetvisuals.com\/shop\/shop\/cholangitis-bij-de-kat\/"]}]},{"@type":"ImageObject","inLanguage":"en-US","@id":"https:\/\/vetvisuals.com\/shop\/shop\/cholangitis-bij-de-kat\/#primaryimage","url":"https:\/\/vetvisuals.com\/shop\/wp-content\/uploads\/2019\/01\/Een-klinische-benadering-van-cholangitis-bij-de-kat.jpg","contentUrl":"https:\/\/vetvisuals.com\/shop\/wp-content\/uploads\/2019\/01\/Een-klinische-benadering-van-cholangitis-bij-de-kat.jpg","width":1000,"height":667,"caption":"cholangitis"},{"@type":"BreadcrumbList","@id":"https:\/\/vetvisuals.com\/shop\/shop\/cholangitis-bij-de-kat\/#breadcrumb","itemListElement":[{"@type":"ListItem","position":1,"name":"Home","item":"https:\/\/vetvisuals.com\/shop\/"},{"@type":"ListItem","position":2,"name":"Winkel","item":"https:\/\/vetvisuals.com\/shop\/winkel\/"},{"@type":"ListItem","position":3,"name":"Een klinische benadering van cholangitis bij de kat"}]},{"@type":"WebSite","@id":"https:\/\/vetvisuals.com\/shop\/#website","url":"https:\/\/vetvisuals.com\/shop\/","name":"VetVisuals","description":"Veterinaire nascholing voor dierenarts en paraveterinair dierenartsassistent","publisher":{"@id":"https:\/\/vetvisuals.com\/shop\/#organization"},"alternateName":"Veterinaire Nascholing","potentialAction":[{"@type":"SearchAction","target":{"@type":"EntryPoint","urlTemplate":"https:\/\/vetvisuals.com\/shop\/?s={search_term_string}"},"query-input":{"@type":"PropertyValueSpecification","valueRequired":true,"valueName":"search_term_string"}}],"inLanguage":"en-US"},{"@type":"Organization","@id":"https:\/\/vetvisuals.com\/shop\/#organization","name":"Roman House Productions Ltd","alternateName":"VetVisuals","url":"https:\/\/vetvisuals.com\/shop\/","logo":{"@type":"ImageObject","inLanguage":"en-US","@id":"https:\/\/vetvisuals.com\/shop\/#\/schema\/logo\/image\/","url":"https:\/\/vetvisuals.com\/shop\/wp-content\/uploads\/2019\/01\/logo-vv-newdp.jpg","contentUrl":"https:\/\/vetvisuals.com\/shop\/wp-content\/uploads\/2019\/01\/logo-vv-newdp.jpg","width":300,"height":67,"caption":"Roman House Productions Ltd"},"image":{"@id":"https:\/\/vetvisuals.com\/shop\/#\/schema\/logo\/image\/"},"sameAs":["https:\/\/www.instagram.com\/vetvisuals.nl\/"]}]},"product_price_amount":"19.95","product_price_currency":"EUR","og_availability":"instock","product_availability":"instock","product_condition":"new"},"_links":{"self":[{"href":"https:\/\/vetvisuals.com\/shop\/wp-json\/wp\/v2\/product\/8750"}],"collection":[{"href":"https:\/\/vetvisuals.com\/shop\/wp-json\/wp\/v2\/product"}],"about":[{"href":"https:\/\/vetvisuals.com\/shop\/wp-json\/wp\/v2\/types\/product"}],"wp:featuredmedia":[{"embeddable":true,"href":"https:\/\/vetvisuals.com\/shop\/wp-json\/wp\/v2\/media\/9137"}],"wp:attachment":[{"href":"https:\/\/vetvisuals.com\/shop\/wp-json\/wp\/v2\/media?parent=8750"}],"wp:term":[{"taxonomy":"product_cat","embeddable":true,"href":"https:\/\/vetvisuals.com\/shop\/wp-json\/wp\/v2\/product_cat?post=8750"},{"taxonomy":"product_tag","embeddable":true,"href":"https:\/\/vetvisuals.com\/shop\/wp-json\/wp\/v2\/product_tag?post=8750"}],"curies":[{"name":"wp","href":"https:\/\/api.w.org\/{rel}","templated":true}]}}