{"id":8676,"date":"2019-01-21T14:57:32","date_gmt":"2019-01-21T14:57:32","guid":{"rendered":"https:\/\/www.vetvisuals.com\/shop\/product\/de-allergische-huidpatient\/"},"modified":"2023-02-03T08:04:39","modified_gmt":"2023-02-03T08:04:39","slug":"allergische-huidpatient","status":"publish","type":"product","link":"https:\/\/vetvisuals.com\/shop\/shop\/allergische-huidpatient\/","title":{"rendered":"Mini-cursus: De allergische huidpati\u00ebnt"},"content":{"rendered":"<h2>Allergie is \u00e9\u00e9n van de meest geziene dermatologische klachten in de dierenartsenpraktijk<\/h2>\n<p>Allergische huidklachten komen vaak voor bij honden en katten, het zijn problemen die soms veel tijd en inspanning vergen om ze op te lossen.<\/p>\n<blockquote><p>In dit praktische artikel over allergie bij honden en katten zetten we alle informatie rondom allergische huidklachten overzichtelijk voor je op een rijtje.<\/p><\/blockquote>\n<p>Er zijn vele uitingen van allergie en het beeld kan ook per individueel dier enorm verschillen. Daarnaast is het voor een eigenaar niet altijd duidelijk wat nu wel of geen allergie is.<\/p>\n<p>Iedere paraveterinair kent wel de telefoontjes van eigenaren die bellen dat hun kat gevochten heeft en dat de hele achterhand kapot is, terwijl het eenmaal aangekomen op de praktijk om een fikse vlooienallergie blijkt te gaan. Andersom komt het ook voor: eigenaren die bellen dat hun kat allergisch is, want hij niest zo, terwijl het dier niesziekte blijkt te hebben.<\/p>\n<p>In dit artikel gaan we in op de achtergrond van huidallergie bij honden en katten, zodat je straks nog beter in staat bent vragen van eigenaren te beantwoorden en nuttige adviezen te geven.<\/p>\n<p>Na het bestuderen van de tekst kun je je kennis testen met behulp van de quiz-vragen.<\/p>\n<p>&nbsp;<\/p>\n<h3>De volgende leerdoelen komen daarbij aan bod:<\/h3>\n<ul>\n<li>Welke vormen van allergie kennen we?<\/li>\n<li>Hoe uiten deze vormen van allergie zich?<\/li>\n<li>Hoe wordt de definitieve diagnose allergie gesteld?<\/li>\n<li>Hoe kan ik als paraveterinair het dier en de eigenaar met raad en daad bijstaan?<\/li>\n<\/ul>\n<p>Je krijgt een update van de laatste inzichten op het gebied van allergie bij honden en katten. Het artikel sluit af met een stappenplan voor het opwerken van de allergische huidpati\u00ebnt, dit is een handig overzicht om er later nog eens bij te pakken.<\/p>\n<p>Na het bestuderen van de tekst kun je je kennis testen met de bijbehorende quiz-vragen!<\/p>\n<p>&nbsp;<\/p>\n<h3>ASSESSMENT<\/h3>\n<p id=\"yui_3_17_2_1_1479463763685_1627\">Een goed resultaat met deze quiz\u00a0<strong>en<\/strong> het lezen van het bijbehorend artikel levert je automatisch een nascholingsbadge met 2 Nascholingspunten op!<\/p>\n<p>&nbsp;<\/p>\n<h3>Inhoud<\/h3>\n<ul>\n<li class=\"clearfix\"><strong>Inleiding<\/strong><\/li>\n<li class=\"clearfix\"><a title=\"Wat is allergie?\" href=\"https:\/\/www.vetvisuals.com\/lms\/moodle\/mod\/book\/view.php?id=2493&amp;chapterid=9528\">Wat is allergie?<\/a><\/li>\n<li class=\"clearfix\"><a title=\"Vormen van allergie bij hond en kat\" href=\"https:\/\/www.vetvisuals.com\/lms\/moodle\/mod\/book\/view.php?id=2493&amp;chapterid=9529\">Vormen van allergie bij hond en kat<\/a><\/li>\n<li class=\"clearfix\"><a title=\"Voedselovergevoeligheid\" href=\"https:\/\/www.vetvisuals.com\/lms\/moodle\/mod\/book\/view.php?id=2493&amp;chapterid=9530\">Voedselovergevoeligheid<\/a>\n<ul>\n<li class=\"clearfix\"><a title=\"Allergenen\" href=\"https:\/\/www.vetvisuals.com\/lms\/moodle\/mod\/book\/view.php?id=2493&amp;chapterid=9531\">Allergenen<\/a><\/li>\n<li class=\"clearfix\"><a title=\"Symptomen\" href=\"https:\/\/www.vetvisuals.com\/lms\/moodle\/mod\/book\/view.php?id=2493&amp;chapterid=9532\">Symptomen<\/a><\/li>\n<li class=\"clearfix\"><a title=\"Diagnose\" href=\"https:\/\/www.vetvisuals.com\/lms\/moodle\/mod\/book\/view.php?id=2493&amp;chapterid=9533\">Diagnose<\/a><\/li>\n<li class=\"clearfix\"><a title=\"Eliminatiedieet versus hypoallergeen dieet\" href=\"https:\/\/www.vetvisuals.com\/lms\/moodle\/mod\/book\/view.php?id=2493&amp;chapterid=9534\">Eliminatiedieet versus hypoallergeen dieet<\/a><\/li>\n<li class=\"clearfix\"><a title=\"Spelregels van het eliminatiedieet\" href=\"https:\/\/www.vetvisuals.com\/lms\/moodle\/mod\/book\/view.php?id=2493&amp;chapterid=9535\">Spelregels van het eliminatiedieet<\/a><\/li>\n<li class=\"clearfix\"><a title=\"Ondersteunende medicatie\" href=\"https:\/\/www.vetvisuals.com\/lms\/moodle\/mod\/book\/view.php?id=2493&amp;chapterid=9536\">Ondersteunende medicatie<\/a><\/li>\n<li class=\"clearfix\"><a title=\"Adviezen voor de eigenaar\" href=\"https:\/\/www.vetvisuals.com\/lms\/moodle\/mod\/book\/view.php?id=2493&amp;chapterid=9537\">Adviezen voor de eigenaar<\/a><\/li>\n<\/ul>\n<\/li>\n<li class=\"clearfix\"><a title=\"Atopie\" href=\"https:\/\/www.vetvisuals.com\/lms\/moodle\/mod\/book\/view.php?id=2493&amp;chapterid=9538\">Atopie<\/a>\n<ul>\n<li class=\"clearfix\"><a title=\"Multifactori\u00eble aandoening\" href=\"https:\/\/www.vetvisuals.com\/lms\/moodle\/mod\/book\/view.php?id=2493&amp;chapterid=9539\">Multifactori\u00eble aandoening<\/a><\/li>\n<li class=\"clearfix\"><a title=\"Symptomen\" href=\"https:\/\/www.vetvisuals.com\/lms\/moodle\/mod\/book\/view.php?id=2493&amp;chapterid=9540\">Symptomen<\/a><\/li>\n<li class=\"clearfix\"><a title=\"Diagnose\" href=\"https:\/\/www.vetvisuals.com\/lms\/moodle\/mod\/book\/view.php?id=2493&amp;chapterid=9553\">Diagnose<\/a><\/li>\n<li class=\"clearfix\"><a title=\"Allergietesten\" href=\"https:\/\/www.vetvisuals.com\/lms\/moodle\/mod\/book\/view.php?id=2493&amp;chapterid=9554\">Allergietesten<\/a><\/li>\n<li class=\"clearfix\"><a title=\"Behandeling\" href=\"https:\/\/www.vetvisuals.com\/lms\/moodle\/mod\/book\/view.php?id=2493&amp;chapterid=9555\">Behandeling<\/a><\/li>\n<li class=\"clearfix\"><a title=\"Adviezen voor de eigenaar\" href=\"https:\/\/www.vetvisuals.com\/lms\/moodle\/mod\/book\/view.php?id=2493&amp;chapterid=9556\">Adviezen voor de eigenaar<\/a><\/li>\n<\/ul>\n<\/li>\n<li class=\"clearfix\"><a title=\"Vlooienallergie\" href=\"https:\/\/www.vetvisuals.com\/lms\/moodle\/mod\/book\/view.php?id=2493&amp;chapterid=9557\">Vlooienallergie<\/a>\n<ul>\n<li class=\"clearfix\"><a title=\"Symptomen\" href=\"https:\/\/www.vetvisuals.com\/lms\/moodle\/mod\/book\/view.php?id=2493&amp;chapterid=9558\">Symptomen<\/a><\/li>\n<li class=\"clearfix\"><a title=\"Diagnose\" href=\"https:\/\/www.vetvisuals.com\/lms\/moodle\/mod\/book\/view.php?id=2493&amp;chapterid=9559\">Diagnose<\/a><\/li>\n<li class=\"clearfix\"><a title=\"Behandeling\" href=\"https:\/\/www.vetvisuals.com\/lms\/moodle\/mod\/book\/view.php?id=2493&amp;chapterid=9560\">Behandeling<\/a><\/li>\n<li class=\"clearfix\"><a title=\"Adviezen voor de eigenaar\" href=\"https:\/\/www.vetvisuals.com\/lms\/moodle\/mod\/book\/view.php?id=2493&amp;chapterid=9561\">Adviezen voor de eigenaar<\/a><\/li>\n<\/ul>\n<\/li>\n<li class=\"clearfix\"><a title=\"Contactallergie\" href=\"https:\/\/www.vetvisuals.com\/lms\/moodle\/mod\/book\/view.php?id=2493&amp;chapterid=9562\">Contactallergie<\/a>\n<ul>\n<li class=\"clearfix\"><a title=\"Symptomen\" href=\"https:\/\/www.vetvisuals.com\/lms\/moodle\/mod\/book\/view.php?id=2493&amp;chapterid=9563\">Symptomen<\/a><\/li>\n<li class=\"clearfix\"><a title=\"Diagnose\" href=\"https:\/\/www.vetvisuals.com\/lms\/moodle\/mod\/book\/view.php?id=2493&amp;chapterid=9564\">Diagnose<\/a><\/li>\n<li class=\"clearfix\"><a title=\"Behandeling\" href=\"https:\/\/www.vetvisuals.com\/lms\/moodle\/mod\/book\/view.php?id=2493&amp;chapterid=9565\">Behandeling<\/a><\/li>\n<li class=\"clearfix\"><a title=\"Adviezen voor de eigenaar\" href=\"https:\/\/www.vetvisuals.com\/lms\/moodle\/mod\/book\/view.php?id=2493&amp;chapterid=9566\">Adviezen voor de eigenaar<\/a><\/li>\n<\/ul>\n<\/li>\n<li class=\"clearfix\"><a title=\"Stappenplan allergische huidpati\u00ebnt\" href=\"https:\/\/www.vetvisuals.com\/lms\/moodle\/mod\/book\/view.php?id=2493&amp;chapterid=9567\">Stappenplan allergische huidpati\u00ebnt<\/a><\/li>\n<li class=\"clearfix\"><a title=\"Conclusie\" href=\"https:\/\/www.vetvisuals.com\/lms\/moodle\/mod\/book\/view.php?id=2493&amp;chapterid=9568\">Conclusie<\/a><\/li>\n<li class=\"clearfix\"><a title=\"Verklarende woordenlijst\" href=\"https:\/\/www.vetvisuals.com\/lms\/moodle\/mod\/book\/view.php?id=2493&amp;chapterid=9569\">Verklarende woordenlijst<\/a><\/li>\n<li class=\"clearfix\"><a title=\"Bronnen\" href=\"https:\/\/www.vetvisuals.com\/lms\/moodle\/mod\/book\/view.php?id=2493&amp;chapterid=9570\">Bronnen<\/a><\/li>\n<\/ul>\n","protected":false},"excerpt":{"rendered":"<p>Allergische huidklachten komen vaak voor bij honden en katten, het zijn problemen die soms veel tijd en inspanning vergen om ze op te lossen. In dit praktische artikel over allergie bij honden en katten zetten we alle informatie rondom allergische huidklachten overzichtelijk voor je op een rijtje.<\/p>\n","protected":false},"featured_media":9999,"template":"","meta":[],"product_cat":[4118,921,535,573,49,979],"product_tag":[1167,527,54],"yoast_head":"<!-- This site is optimized with the Yoast SEO Premium plugin v23.5 (Yoast SEO v23.5) - https:\/\/yoast.com\/wordpress\/plugins\/seo\/ -->\n<title>Mini-cursus: De allergische huidpati\u00ebnt - VetVisuals\u00ae Shop<\/title>\n<meta name=\"description\" content=\"Een online cursus over allergie bij honden en katten met alle informatie rondom allergische huidklachten overzichtelijk op een rijtje.\" \/>\n<meta name=\"robots\" content=\"index, follow, max-snippet:-1, max-image-preview:large, max-video-preview:-1\" \/>\n<link rel=\"canonical\" href=\"https:\/\/vetvisuals.com\/shop\/shop\/allergische-huidpatient\/\" \/>\n<meta property=\"og:locale\" content=\"en_US\" \/>\n<meta property=\"og:type\" content=\"article\" \/>\n<meta property=\"og:title\" content=\"Onmisbaar voor iedere paraveterinair dierenartsassistent!\" \/>\n<meta property=\"og:description\" content=\"In deze online mini-cursus over allergie bij honden en katten zetten we alle praktische informatie rondom allergische huidklachten overzichtelijk voor je op een rijtje. Onmisbaar voor iedere paraveterinair dierenartsassistent!\" \/>\n<meta property=\"og:url\" content=\"https:\/\/vetvisuals.com\/shop\/shop\/allergische-huidpatient\/\" \/>\n<meta property=\"og:site_name\" content=\"VetVisuals\u00ae Shop\" \/>\n<meta property=\"article:modified_time\" content=\"2023-02-03T08:04:39+00:00\" \/>\n<meta property=\"og:image\" content=\"https:\/\/vetvisuals.com\/shop\/wp-content\/uploads\/2019\/01\/Mini-cursus-allergische-huidpati\u00ebnt-paraveterinair-dierenartsassistent.jpg\" \/>\n\t<meta property=\"og:image:width\" content=\"1000\" \/>\n\t<meta property=\"og:image:height\" content=\"667\" \/>\n\t<meta property=\"og:image:type\" content=\"image\/jpeg\" \/>\n<meta name=\"twitter:card\" content=\"summary_large_image\" \/>\n<meta name=\"twitter:title\" content=\"Mini-cursus: De allergische huidpati\u00ebnt\" \/>\n<meta name=\"twitter:label1\" content=\"Price\" \/>\n\t<meta name=\"twitter:data1\" content=\"&euro;49.95\" \/>\n\t<meta name=\"twitter:label2\" content=\"Availability\" \/>\n\t<meta name=\"twitter:data2\" content=\"In stock\" \/>\n<script type=\"application\/ld+json\" class=\"yoast-schema-graph\">{\"@context\":\"https:\/\/schema.org\",\"@graph\":[{\"@type\":\"WebPage\",\"@id\":\"https:\/\/vetvisuals.com\/shop\/shop\/allergische-huidpatient\/\",\"url\":\"https:\/\/vetvisuals.com\/shop\/shop\/allergische-huidpatient\/\",\"name\":\"Mini-cursus: De allergische huidpati\u00ebnt - VetVisuals\u00ae Shop\",\"isPartOf\":{\"@id\":\"https:\/\/vetvisuals.com\/shop\/#website\"},\"primaryImageOfPage\":{\"@id\":\"https:\/\/vetvisuals.com\/shop\/shop\/allergische-huidpatient\/#primaryimage\"},\"image\":{\"@id\":\"https:\/\/vetvisuals.com\/shop\/shop\/allergische-huidpatient\/#primaryimage\"},\"thumbnailUrl\":\"https:\/\/vetvisuals.com\/shop\/wp-content\/uploads\/2019\/01\/Mini-cursus-allergische-huidpati\u00ebnt-paraveterinair-dierenartsassistent.jpg\",\"datePublished\":\"2019-01-21T14:57:32+00:00\",\"dateModified\":\"2023-02-03T08:04:39+00:00\",\"description\":\"Een online cursus over allergie bij honden en katten met alle informatie rondom allergische huidklachten overzichtelijk op een rijtje.\",\"breadcrumb\":{\"@id\":\"https:\/\/vetvisuals.com\/shop\/shop\/allergische-huidpatient\/#breadcrumb\"},\"inLanguage\":\"en-US\",\"potentialAction\":[{\"@type\":\"ReadAction\",\"target\":[\"https:\/\/vetvisuals.com\/shop\/shop\/allergische-huidpatient\/\"]}]},{\"@type\":\"ImageObject\",\"inLanguage\":\"en-US\",\"@id\":\"https:\/\/vetvisuals.com\/shop\/shop\/allergische-huidpatient\/#primaryimage\",\"url\":\"https:\/\/vetvisuals.com\/shop\/wp-content\/uploads\/2019\/01\/Mini-cursus-allergische-huidpati\u00ebnt-paraveterinair-dierenartsassistent.jpg\",\"contentUrl\":\"https:\/\/vetvisuals.com\/shop\/wp-content\/uploads\/2019\/01\/Mini-cursus-allergische-huidpati\u00ebnt-paraveterinair-dierenartsassistent.jpg\",\"width\":1000,\"height\":667,\"caption\":\"allergische huidpatient\"},{\"@type\":\"BreadcrumbList\",\"@id\":\"https:\/\/vetvisuals.com\/shop\/shop\/allergische-huidpatient\/#breadcrumb\",\"itemListElement\":[{\"@type\":\"ListItem\",\"position\":1,\"name\":\"Home\",\"item\":\"https:\/\/vetvisuals.com\/shop\/\"},{\"@type\":\"ListItem\",\"position\":2,\"name\":\"Winkel\",\"item\":\"https:\/\/vetvisuals.com\/shop\/winkel\/\"},{\"@type\":\"ListItem\",\"position\":3,\"name\":\"Mini-cursus: De allergische huidpati\u00ebnt\"}]},{\"@type\":\"WebSite\",\"@id\":\"https:\/\/vetvisuals.com\/shop\/#website\",\"url\":\"https:\/\/vetvisuals.com\/shop\/\",\"name\":\"VetVisuals\",\"description\":\"Veterinaire nascholing voor dierenarts en paraveterinair dierenartsassistent\",\"publisher\":{\"@id\":\"https:\/\/vetvisuals.com\/shop\/#organization\"},\"alternateName\":\"Veterinaire Nascholing\",\"potentialAction\":[{\"@type\":\"SearchAction\",\"target\":{\"@type\":\"EntryPoint\",\"urlTemplate\":\"https:\/\/vetvisuals.com\/shop\/?s={search_term_string}\"},\"query-input\":{\"@type\":\"PropertyValueSpecification\",\"valueRequired\":true,\"valueName\":\"search_term_string\"}}],\"inLanguage\":\"en-US\"},{\"@type\":\"Organization\",\"@id\":\"https:\/\/vetvisuals.com\/shop\/#organization\",\"name\":\"Roman House Productions Ltd\",\"alternateName\":\"VetVisuals\",\"url\":\"https:\/\/vetvisuals.com\/shop\/\",\"logo\":{\"@type\":\"ImageObject\",\"inLanguage\":\"en-US\",\"@id\":\"https:\/\/vetvisuals.com\/shop\/#\/schema\/logo\/image\/\",\"url\":\"https:\/\/vetvisuals.com\/shop\/wp-content\/uploads\/2019\/01\/logo-vv-newdp.jpg\",\"contentUrl\":\"https:\/\/vetvisuals.com\/shop\/wp-content\/uploads\/2019\/01\/logo-vv-newdp.jpg\",\"width\":300,\"height\":67,\"caption\":\"Roman House Productions Ltd\"},\"image\":{\"@id\":\"https:\/\/vetvisuals.com\/shop\/#\/schema\/logo\/image\/\"},\"sameAs\":[\"https:\/\/www.instagram.com\/vetvisuals.nl\/\"]}]}<\/script>\n<meta property=\"product:price:amount\" content=\"49.95\" \/>\n<meta property=\"product:price:currency\" content=\"EUR\" \/>\n<meta property=\"og:availability\" content=\"instock\" \/>\n<meta property=\"product:availability\" content=\"instock\" \/>\n<meta property=\"product:condition\" content=\"new\" \/>\n<!-- \/ Yoast SEO Premium plugin. -->","yoast_head_json":{"title":"Mini-cursus: De allergische huidpati\u00ebnt - VetVisuals\u00ae Shop","description":"Een online cursus over allergie bij honden en katten met alle informatie rondom allergische huidklachten overzichtelijk op een rijtje.","robots":{"index":"index","follow":"follow","max-snippet":"max-snippet:-1","max-image-preview":"max-image-preview:large","max-video-preview":"max-video-preview:-1"},"canonical":"https:\/\/vetvisuals.com\/shop\/shop\/allergische-huidpatient\/","og_locale":"en_US","og_type":"article","og_title":"Onmisbaar voor iedere paraveterinair dierenartsassistent!","og_description":"In deze online mini-cursus over allergie bij honden en katten zetten we alle praktische informatie rondom allergische huidklachten overzichtelijk voor je op een rijtje. Onmisbaar voor iedere paraveterinair dierenartsassistent!","og_url":"https:\/\/vetvisuals.com\/shop\/shop\/allergische-huidpatient\/","og_site_name":"VetVisuals\u00ae Shop","article_modified_time":"2023-02-03T08:04:39+00:00","og_image":[{"width":1000,"height":667,"url":"https:\/\/vetvisuals.com\/shop\/wp-content\/uploads\/2019\/01\/Mini-cursus-allergische-huidpati\u00ebnt-paraveterinair-dierenartsassistent.jpg","type":"image\/jpeg"}],"twitter_card":"summary_large_image","twitter_title":"Mini-cursus: De allergische huidpati\u00ebnt","twitter_misc":{"Price":"&euro;49.95","Availability":"In stock"},"schema":{"@context":"https:\/\/schema.org","@graph":[{"@type":"WebPage","@id":"https:\/\/vetvisuals.com\/shop\/shop\/allergische-huidpatient\/","url":"https:\/\/vetvisuals.com\/shop\/shop\/allergische-huidpatient\/","name":"Mini-cursus: De allergische huidpati\u00ebnt - VetVisuals\u00ae Shop","isPartOf":{"@id":"https:\/\/vetvisuals.com\/shop\/#website"},"primaryImageOfPage":{"@id":"https:\/\/vetvisuals.com\/shop\/shop\/allergische-huidpatient\/#primaryimage"},"image":{"@id":"https:\/\/vetvisuals.com\/shop\/shop\/allergische-huidpatient\/#primaryimage"},"thumbnailUrl":"https:\/\/vetvisuals.com\/shop\/wp-content\/uploads\/2019\/01\/Mini-cursus-allergische-huidpati\u00ebnt-paraveterinair-dierenartsassistent.jpg","datePublished":"2019-01-21T14:57:32+00:00","dateModified":"2023-02-03T08:04:39+00:00","description":"Een online cursus over allergie bij honden en katten met alle informatie rondom allergische huidklachten overzichtelijk op een rijtje.","breadcrumb":{"@id":"https:\/\/vetvisuals.com\/shop\/shop\/allergische-huidpatient\/#breadcrumb"},"inLanguage":"en-US","potentialAction":[{"@type":"ReadAction","target":["https:\/\/vetvisuals.com\/shop\/shop\/allergische-huidpatient\/"]}]},{"@type":"ImageObject","inLanguage":"en-US","@id":"https:\/\/vetvisuals.com\/shop\/shop\/allergische-huidpatient\/#primaryimage","url":"https:\/\/vetvisuals.com\/shop\/wp-content\/uploads\/2019\/01\/Mini-cursus-allergische-huidpati\u00ebnt-paraveterinair-dierenartsassistent.jpg","contentUrl":"https:\/\/vetvisuals.com\/shop\/wp-content\/uploads\/2019\/01\/Mini-cursus-allergische-huidpati\u00ebnt-paraveterinair-dierenartsassistent.jpg","width":1000,"height":667,"caption":"allergische huidpatient"},{"@type":"BreadcrumbList","@id":"https:\/\/vetvisuals.com\/shop\/shop\/allergische-huidpatient\/#breadcrumb","itemListElement":[{"@type":"ListItem","position":1,"name":"Home","item":"https:\/\/vetvisuals.com\/shop\/"},{"@type":"ListItem","position":2,"name":"Winkel","item":"https:\/\/vetvisuals.com\/shop\/winkel\/"},{"@type":"ListItem","position":3,"name":"Mini-cursus: De allergische huidpati\u00ebnt"}]},{"@type":"WebSite","@id":"https:\/\/vetvisuals.com\/shop\/#website","url":"https:\/\/vetvisuals.com\/shop\/","name":"VetVisuals","description":"Veterinaire nascholing voor dierenarts en paraveterinair dierenartsassistent","publisher":{"@id":"https:\/\/vetvisuals.com\/shop\/#organization"},"alternateName":"Veterinaire Nascholing","potentialAction":[{"@type":"SearchAction","target":{"@type":"EntryPoint","urlTemplate":"https:\/\/vetvisuals.com\/shop\/?s={search_term_string}"},"query-input":{"@type":"PropertyValueSpecification","valueRequired":true,"valueName":"search_term_string"}}],"inLanguage":"en-US"},{"@type":"Organization","@id":"https:\/\/vetvisuals.com\/shop\/#organization","name":"Roman House Productions Ltd","alternateName":"VetVisuals","url":"https:\/\/vetvisuals.com\/shop\/","logo":{"@type":"ImageObject","inLanguage":"en-US","@id":"https:\/\/vetvisuals.com\/shop\/#\/schema\/logo\/image\/","url":"https:\/\/vetvisuals.com\/shop\/wp-content\/uploads\/2019\/01\/logo-vv-newdp.jpg","contentUrl":"https:\/\/vetvisuals.com\/shop\/wp-content\/uploads\/2019\/01\/logo-vv-newdp.jpg","width":300,"height":67,"caption":"Roman House Productions Ltd"},"image":{"@id":"https:\/\/vetvisuals.com\/shop\/#\/schema\/logo\/image\/"},"sameAs":["https:\/\/www.instagram.com\/vetvisuals.nl\/"]}]},"product_price_amount":"49.95","product_price_currency":"EUR","og_availability":"instock","product_availability":"instock","product_condition":"new"},"_links":{"self":[{"href":"https:\/\/vetvisuals.com\/shop\/wp-json\/wp\/v2\/product\/8676"}],"collection":[{"href":"https:\/\/vetvisuals.com\/shop\/wp-json\/wp\/v2\/product"}],"about":[{"href":"https:\/\/vetvisuals.com\/shop\/wp-json\/wp\/v2\/types\/product"}],"wp:featuredmedia":[{"embeddable":true,"href":"https:\/\/vetvisuals.com\/shop\/wp-json\/wp\/v2\/media\/9999"}],"wp:attachment":[{"href":"https:\/\/vetvisuals.com\/shop\/wp-json\/wp\/v2\/media?parent=8676"}],"wp:term":[{"taxonomy":"product_cat","embeddable":true,"href":"https:\/\/vetvisuals.com\/shop\/wp-json\/wp\/v2\/product_cat?post=8676"},{"taxonomy":"product_tag","embeddable":true,"href":"https:\/\/vetvisuals.com\/shop\/wp-json\/wp\/v2\/product_tag?post=8676"}],"curies":[{"name":"wp","href":"https:\/\/api.w.org\/{rel}","templated":true}]}}