{"id":8453,"date":"2019-01-21T14:57:13","date_gmt":"2019-01-21T14:57:13","guid":{"rendered":"https:\/\/www.vetvisuals.com\/shop\/product\/fever-of-unknown-origin\/"},"modified":"2019-12-11T09:28:46","modified_gmt":"2019-12-11T09:28:46","slug":"stappenplan-fuo-dierenarts","status":"publish","type":"product","link":"https:\/\/vetvisuals.com\/shop\/shop\/stappenplan-fuo-dierenarts\/","title":{"rendered":"Stappenplan FUO voor de dierenarts"},"content":{"rendered":"<h2>Fever of Unknown Origin<\/h2>\n<p>In dit artikel worden onder andere de mogelijke oorzaken van FUO \u00e9n een stappenplan voor de meest effectieve diagnostiek hiervan besproken. FUO pati\u00ebnten zijn d\u00e9 uitdaging om een pati\u00ebnt gefocust en systematisch op te werken.<\/p>\n<p>Koorts is een verhoging van de normale gemiddelde kerntemperatuur van een dier door een verandering in het thermoregulatiecentrum van de hypothalamus.<\/p>\n<p>FUO is een koorts die niet spontaan verdwijnt en waarvoor niet gemakkelijk of geen duidelijke oorzaak wordt gevonden.<\/p>\n<p>&nbsp;<\/p>\n<blockquote><p>Door met het stappenplan in dit artikel en uw eigen kritische blik met een FUO pati\u00ebnt aan het werk te gaan, vindt u bij 9 van 10 pati\u00ebnten de oorzaak van de &#8216;FUO&#8217;!<\/p><\/blockquote>\n<p>&nbsp;<\/p>\n<p>Voordat je gaat starten met uitgebreide diagnostiek voor FUO, is het van belang om niet-pyrogene oorzaken van de verhoogde lichaamstemperatuur uit te sluiten. Soms kan een dier ook een verhoogde lichaamstemperatuur hebben door stress, een zonnesteek of enorme inspanning.<\/p>\n<p>Zeer actieve honden, zoals jachthonden, kunnen zich zo enorm inspannen dat hun lichaamstemperatuur 42 graden Celsius kan worden. In deze gevallen vindt geen verandering in het thermoregulatiecentrum met verhoging van de streeftemperatuur plaats. Er wordt daarom gesproken van hyperthermie en niet van koorts. Bij deze honden is de lichaamstemperatuur binnen 15 minuten weer genormaliseerd.<\/p>\n<p>In 75% van de gevallen is de oorzaak van FUO infectieus, immuungemedieerd of een neoplasie. Indien eigenaren akkoord gaan met uitgebreide diagnostiek, blijft in 10% van de gevallen FUO idiopathisch.<\/p>\n<p>De hoeveelheid oorzaken van FUO zijn overweldigend. Grofweg kunnen ze worden ingedeeld in bacteri\u00eble en virale oorzaken, schimmels, Rickettsiae, Protozoa, neoplasie\u00ebn, immuungemedieerde oorzaken en overige oorzaken zoals medicijn ge\u00efnduceerde koorts.<\/p>\n<p>&nbsp;<\/p>\n<h3>Assessment<\/h3>\n<p>Een goed resultaat met deze quiz <strong>en<\/strong> het lezen van het artikel\u00a0Fever of unknown origin levert u een nascholingsbadge met 1 Nascholingspunt op!<\/p>\n<p>&nbsp;<\/p>\n<h3>Inhoud<\/h3>\n<ul>\n<li class=\"clearfix\">Introductie<\/li>\n<li class=\"clearfix\"><a title=\"Wat is koorts, wat is FUO en is het wel koorts?!\" href=\"https:\/\/www.vetvisuals.com\/lms\/moodle\/mod\/book\/view.php?id=718&amp;chapterid=2931\">Wat is koorts, wat is FUO en is het wel koorts?!<\/a><\/li>\n<li class=\"clearfix\"><a title=\"Oorzaken van FUO\" href=\"https:\/\/www.vetvisuals.com\/lms\/moodle\/mod\/book\/view.php?id=718&amp;chapterid=2932\">Oorzaken van FUO<\/a><\/li>\n<li class=\"clearfix\"><a title=\"Onderschat de anamnese niet\" href=\"https:\/\/www.vetvisuals.com\/lms\/moodle\/mod\/book\/view.php?id=718&amp;chapterid=2933\">Onderschat de anamnese niet<\/a><\/li>\n<li class=\"clearfix\"><a title=\"Het allerbelangrijkste onderzoek bij FUO\" href=\"https:\/\/www.vetvisuals.com\/lms\/moodle\/mod\/book\/view.php?id=718&amp;chapterid=2934\">Het allerbelangrijkste onderzoek bij FUO<\/a><\/li>\n<li class=\"clearfix\"><a title=\"De minimum database bij FUO\" href=\"https:\/\/www.vetvisuals.com\/lms\/moodle\/mod\/book\/view.php?id=718&amp;chapterid=2935\">De minimum database bij FUO<\/a><\/li>\n<li class=\"clearfix\"><a title=\"En na de minimum database\u2026..\" href=\"https:\/\/www.vetvisuals.com\/lms\/moodle\/mod\/book\/view.php?id=718&amp;chapterid=2936\">En na de minimum database\u2026..<\/a><\/li>\n<li class=\"clearfix\"><a title=\"Invasievere aanvullende diagnostiek\" href=\"https:\/\/www.vetvisuals.com\/lms\/moodle\/mod\/book\/view.php?id=718&amp;chapterid=2937\">Invasievere aanvullende diagnostiek<\/a><\/li>\n<li class=\"clearfix\"><a title=\"Maar al die testen voelen niet echt comfortabel....\" href=\"https:\/\/www.vetvisuals.com\/lms\/moodle\/mod\/book\/view.php?id=718&amp;chapterid=2938\">Maar al die testen voelen niet echt comfortabel&#8230;.<\/a><\/li>\n<li class=\"clearfix\"><a title=\"Therapie in afwachting van alle uitslagen\" href=\"https:\/\/www.vetvisuals.com\/lms\/moodle\/mod\/book\/view.php?id=718&amp;chapterid=2939\">Therapie in afwachting van alle uitslagen<\/a><\/li>\n<li class=\"clearfix\"><a title=\"De redenen om geen cortico's te pakken!\" href=\"https:\/\/www.vetvisuals.com\/lms\/moodle\/mod\/book\/view.php?id=718&amp;chapterid=2940\">De redenen om geen cortico&#8217;s te pakken!<\/a><\/li>\n<li class=\"clearfix\"><a title=\"De redenen om w\u00e9l cortico\u2019s te gebruiken\" href=\"https:\/\/www.vetvisuals.com\/lms\/moodle\/mod\/book\/view.php?id=718&amp;chapterid=2941\">De redenen om w\u00e9l cortico\u2019s te gebruiken<\/a><\/li>\n<li class=\"clearfix\"><a title=\"De rol van tekenziekten\" href=\"https:\/\/www.vetvisuals.com\/lms\/moodle\/mod\/book\/view.php?id=718&amp;chapterid=2942\">De rol van tekenziekten<\/a><\/li>\n<li class=\"clearfix\"><a title=\"Referenties\" href=\"https:\/\/www.vetvisuals.com\/lms\/moodle\/mod\/book\/view.php?id=718&amp;chapterid=2943\">Referenties<\/a><\/li>\n<\/ul>\n<p>&nbsp;<\/p>\n","protected":false},"excerpt":{"rendered":"<p>In dit artikel worden onder andere de mogelijke oorzaken van FUO \u00e9n een stappenplan voor de meest effectieve diagnostiek hiervan besproken. FUO pati\u00ebnten zijn d\u00e9 uitdaging om een pati\u00ebnt gefocust en systematisch op te werken.<\/p>\n","protected":false},"featured_media":9237,"template":"","meta":[],"product_cat":[3346,49],"product_tag":[52,3353,3354,53],"yoast_head":"<!-- This site is optimized with the Yoast SEO Premium plugin v23.5 (Yoast SEO v23.5) - https:\/\/yoast.com\/wordpress\/plugins\/seo\/ -->\n<title>Stappenplan FUO voor de dierenarts - VetVisuals\u00ae Shop<\/title>\n<meta name=\"description\" content=\"Met het Stappenplan Fever of Unknown Origin (FUO) voor de dierenarts vindt u bij 9 van 10 pati\u00ebnten de oorzaak van de &#039;FUO&#039;!\" \/>\n<meta name=\"robots\" content=\"index, follow, max-snippet:-1, max-image-preview:large, max-video-preview:-1\" \/>\n<link rel=\"canonical\" href=\"https:\/\/vetvisuals.com\/shop\/shop\/stappenplan-fuo-dierenarts\/\" \/>\n<meta property=\"og:locale\" content=\"en_US\" \/>\n<meta property=\"og:type\" content=\"article\" \/>\n<meta property=\"og:title\" content=\"Stappenplan FUO voor de dierenarts\" \/>\n<meta property=\"og:description\" content=\"Met het Stappenplan Fever of Unknown Origin (FUO) voor de dierenarts vindt u bij 9 van 10 pati\u00ebnten de oorzaak van de &#039;FUO&#039;!\" \/>\n<meta property=\"og:url\" content=\"https:\/\/vetvisuals.com\/shop\/shop\/stappenplan-fuo-dierenarts\/\" \/>\n<meta property=\"og:site_name\" content=\"VetVisuals\u00ae Shop\" \/>\n<meta property=\"article:modified_time\" content=\"2019-12-11T09:28:46+00:00\" \/>\n<meta property=\"og:image\" content=\"https:\/\/vetvisuals.com\/shop\/wp-content\/uploads\/2019\/01\/FUO-Fever-of-Unknown-Origin.jpg\" \/>\n\t<meta property=\"og:image:width\" content=\"675\" \/>\n\t<meta property=\"og:image:height\" content=\"450\" \/>\n\t<meta property=\"og:image:type\" content=\"image\/jpeg\" \/>\n<meta name=\"twitter:card\" content=\"summary_large_image\" \/>\n<meta name=\"twitter:label1\" content=\"Price\" \/>\n\t<meta name=\"twitter:data1\" content=\"&euro;24.95\" \/>\n\t<meta name=\"twitter:label2\" content=\"Availability\" \/>\n\t<meta name=\"twitter:data2\" content=\"In stock\" \/>\n<script type=\"application\/ld+json\" class=\"yoast-schema-graph\">{\"@context\":\"https:\/\/schema.org\",\"@graph\":[{\"@type\":\"WebPage\",\"@id\":\"https:\/\/vetvisuals.com\/shop\/shop\/stappenplan-fuo-dierenarts\/\",\"url\":\"https:\/\/vetvisuals.com\/shop\/shop\/stappenplan-fuo-dierenarts\/\",\"name\":\"Stappenplan FUO voor de dierenarts - VetVisuals\u00ae Shop\",\"isPartOf\":{\"@id\":\"https:\/\/vetvisuals.com\/shop\/#website\"},\"primaryImageOfPage\":{\"@id\":\"https:\/\/vetvisuals.com\/shop\/shop\/stappenplan-fuo-dierenarts\/#primaryimage\"},\"image\":{\"@id\":\"https:\/\/vetvisuals.com\/shop\/shop\/stappenplan-fuo-dierenarts\/#primaryimage\"},\"thumbnailUrl\":\"https:\/\/vetvisuals.com\/shop\/wp-content\/uploads\/2019\/01\/FUO-Fever-of-Unknown-Origin.jpg\",\"datePublished\":\"2019-01-21T14:57:13+00:00\",\"dateModified\":\"2019-12-11T09:28:46+00:00\",\"description\":\"Met het Stappenplan Fever of Unknown Origin (FUO) voor de dierenarts vindt u bij 9 van 10 pati\u00ebnten de oorzaak van de 'FUO'!\",\"breadcrumb\":{\"@id\":\"https:\/\/vetvisuals.com\/shop\/shop\/stappenplan-fuo-dierenarts\/#breadcrumb\"},\"inLanguage\":\"en-US\",\"potentialAction\":[{\"@type\":\"ReadAction\",\"target\":[\"https:\/\/vetvisuals.com\/shop\/shop\/stappenplan-fuo-dierenarts\/\"]}]},{\"@type\":\"ImageObject\",\"inLanguage\":\"en-US\",\"@id\":\"https:\/\/vetvisuals.com\/shop\/shop\/stappenplan-fuo-dierenarts\/#primaryimage\",\"url\":\"https:\/\/vetvisuals.com\/shop\/wp-content\/uploads\/2019\/01\/FUO-Fever-of-Unknown-Origin.jpg\",\"contentUrl\":\"https:\/\/vetvisuals.com\/shop\/wp-content\/uploads\/2019\/01\/FUO-Fever-of-Unknown-Origin.jpg\",\"width\":675,\"height\":450,\"caption\":\"FUO Fever of Unknown Origin\"},{\"@type\":\"BreadcrumbList\",\"@id\":\"https:\/\/vetvisuals.com\/shop\/shop\/stappenplan-fuo-dierenarts\/#breadcrumb\",\"itemListElement\":[{\"@type\":\"ListItem\",\"position\":1,\"name\":\"Home\",\"item\":\"https:\/\/vetvisuals.com\/shop\/\"},{\"@type\":\"ListItem\",\"position\":2,\"name\":\"Winkel\",\"item\":\"https:\/\/vetvisuals.com\/shop\/winkel\/\"},{\"@type\":\"ListItem\",\"position\":3,\"name\":\"Stappenplan FUO voor de dierenarts\"}]},{\"@type\":\"WebSite\",\"@id\":\"https:\/\/vetvisuals.com\/shop\/#website\",\"url\":\"https:\/\/vetvisuals.com\/shop\/\",\"name\":\"VetVisuals\",\"description\":\"Veterinaire nascholing voor dierenarts en paraveterinair dierenartsassistent\",\"publisher\":{\"@id\":\"https:\/\/vetvisuals.com\/shop\/#organization\"},\"alternateName\":\"Veterinaire Nascholing\",\"potentialAction\":[{\"@type\":\"SearchAction\",\"target\":{\"@type\":\"EntryPoint\",\"urlTemplate\":\"https:\/\/vetvisuals.com\/shop\/?s={search_term_string}\"},\"query-input\":{\"@type\":\"PropertyValueSpecification\",\"valueRequired\":true,\"valueName\":\"search_term_string\"}}],\"inLanguage\":\"en-US\"},{\"@type\":\"Organization\",\"@id\":\"https:\/\/vetvisuals.com\/shop\/#organization\",\"name\":\"Roman House Productions Ltd\",\"alternateName\":\"VetVisuals\",\"url\":\"https:\/\/vetvisuals.com\/shop\/\",\"logo\":{\"@type\":\"ImageObject\",\"inLanguage\":\"en-US\",\"@id\":\"https:\/\/vetvisuals.com\/shop\/#\/schema\/logo\/image\/\",\"url\":\"https:\/\/vetvisuals.com\/shop\/wp-content\/uploads\/2019\/01\/logo-vv-newdp.jpg\",\"contentUrl\":\"https:\/\/vetvisuals.com\/shop\/wp-content\/uploads\/2019\/01\/logo-vv-newdp.jpg\",\"width\":300,\"height\":67,\"caption\":\"Roman House Productions Ltd\"},\"image\":{\"@id\":\"https:\/\/vetvisuals.com\/shop\/#\/schema\/logo\/image\/\"},\"sameAs\":[\"https:\/\/www.instagram.com\/vetvisuals.nl\/\"]}]}<\/script>\n<meta property=\"product:price:amount\" content=\"24.95\" \/>\n<meta property=\"product:price:currency\" content=\"EUR\" \/>\n<meta property=\"og:availability\" content=\"instock\" \/>\n<meta property=\"product:availability\" content=\"instock\" \/>\n<meta property=\"product:condition\" content=\"new\" \/>\n<!-- \/ Yoast SEO Premium plugin. -->","yoast_head_json":{"title":"Stappenplan FUO voor de dierenarts - VetVisuals\u00ae Shop","description":"Met het Stappenplan Fever of Unknown Origin (FUO) voor de dierenarts vindt u bij 9 van 10 pati\u00ebnten de oorzaak van de 'FUO'!","robots":{"index":"index","follow":"follow","max-snippet":"max-snippet:-1","max-image-preview":"max-image-preview:large","max-video-preview":"max-video-preview:-1"},"canonical":"https:\/\/vetvisuals.com\/shop\/shop\/stappenplan-fuo-dierenarts\/","og_locale":"en_US","og_type":"article","og_title":"Stappenplan FUO voor de dierenarts","og_description":"Met het Stappenplan Fever of Unknown Origin (FUO) voor de dierenarts vindt u bij 9 van 10 pati\u00ebnten de oorzaak van de 'FUO'!","og_url":"https:\/\/vetvisuals.com\/shop\/shop\/stappenplan-fuo-dierenarts\/","og_site_name":"VetVisuals\u00ae Shop","article_modified_time":"2019-12-11T09:28:46+00:00","og_image":[{"width":675,"height":450,"url":"https:\/\/vetvisuals.com\/shop\/wp-content\/uploads\/2019\/01\/FUO-Fever-of-Unknown-Origin.jpg","type":"image\/jpeg"}],"twitter_card":"summary_large_image","twitter_misc":{"Price":"&euro;24.95","Availability":"In stock"},"schema":{"@context":"https:\/\/schema.org","@graph":[{"@type":"WebPage","@id":"https:\/\/vetvisuals.com\/shop\/shop\/stappenplan-fuo-dierenarts\/","url":"https:\/\/vetvisuals.com\/shop\/shop\/stappenplan-fuo-dierenarts\/","name":"Stappenplan FUO voor de dierenarts - VetVisuals\u00ae Shop","isPartOf":{"@id":"https:\/\/vetvisuals.com\/shop\/#website"},"primaryImageOfPage":{"@id":"https:\/\/vetvisuals.com\/shop\/shop\/stappenplan-fuo-dierenarts\/#primaryimage"},"image":{"@id":"https:\/\/vetvisuals.com\/shop\/shop\/stappenplan-fuo-dierenarts\/#primaryimage"},"thumbnailUrl":"https:\/\/vetvisuals.com\/shop\/wp-content\/uploads\/2019\/01\/FUO-Fever-of-Unknown-Origin.jpg","datePublished":"2019-01-21T14:57:13+00:00","dateModified":"2019-12-11T09:28:46+00:00","description":"Met het Stappenplan Fever of Unknown Origin (FUO) voor de dierenarts vindt u bij 9 van 10 pati\u00ebnten de oorzaak van de 'FUO'!","breadcrumb":{"@id":"https:\/\/vetvisuals.com\/shop\/shop\/stappenplan-fuo-dierenarts\/#breadcrumb"},"inLanguage":"en-US","potentialAction":[{"@type":"ReadAction","target":["https:\/\/vetvisuals.com\/shop\/shop\/stappenplan-fuo-dierenarts\/"]}]},{"@type":"ImageObject","inLanguage":"en-US","@id":"https:\/\/vetvisuals.com\/shop\/shop\/stappenplan-fuo-dierenarts\/#primaryimage","url":"https:\/\/vetvisuals.com\/shop\/wp-content\/uploads\/2019\/01\/FUO-Fever-of-Unknown-Origin.jpg","contentUrl":"https:\/\/vetvisuals.com\/shop\/wp-content\/uploads\/2019\/01\/FUO-Fever-of-Unknown-Origin.jpg","width":675,"height":450,"caption":"FUO Fever of Unknown Origin"},{"@type":"BreadcrumbList","@id":"https:\/\/vetvisuals.com\/shop\/shop\/stappenplan-fuo-dierenarts\/#breadcrumb","itemListElement":[{"@type":"ListItem","position":1,"name":"Home","item":"https:\/\/vetvisuals.com\/shop\/"},{"@type":"ListItem","position":2,"name":"Winkel","item":"https:\/\/vetvisuals.com\/shop\/winkel\/"},{"@type":"ListItem","position":3,"name":"Stappenplan FUO voor de dierenarts"}]},{"@type":"WebSite","@id":"https:\/\/vetvisuals.com\/shop\/#website","url":"https:\/\/vetvisuals.com\/shop\/","name":"VetVisuals","description":"Veterinaire nascholing voor dierenarts en paraveterinair dierenartsassistent","publisher":{"@id":"https:\/\/vetvisuals.com\/shop\/#organization"},"alternateName":"Veterinaire Nascholing","potentialAction":[{"@type":"SearchAction","target":{"@type":"EntryPoint","urlTemplate":"https:\/\/vetvisuals.com\/shop\/?s={search_term_string}"},"query-input":{"@type":"PropertyValueSpecification","valueRequired":true,"valueName":"search_term_string"}}],"inLanguage":"en-US"},{"@type":"Organization","@id":"https:\/\/vetvisuals.com\/shop\/#organization","name":"Roman House Productions Ltd","alternateName":"VetVisuals","url":"https:\/\/vetvisuals.com\/shop\/","logo":{"@type":"ImageObject","inLanguage":"en-US","@id":"https:\/\/vetvisuals.com\/shop\/#\/schema\/logo\/image\/","url":"https:\/\/vetvisuals.com\/shop\/wp-content\/uploads\/2019\/01\/logo-vv-newdp.jpg","contentUrl":"https:\/\/vetvisuals.com\/shop\/wp-content\/uploads\/2019\/01\/logo-vv-newdp.jpg","width":300,"height":67,"caption":"Roman House Productions Ltd"},"image":{"@id":"https:\/\/vetvisuals.com\/shop\/#\/schema\/logo\/image\/"},"sameAs":["https:\/\/www.instagram.com\/vetvisuals.nl\/"]}]},"product_price_amount":"24.95","product_price_currency":"EUR","og_availability":"instock","product_availability":"instock","product_condition":"new"},"_links":{"self":[{"href":"https:\/\/vetvisuals.com\/shop\/wp-json\/wp\/v2\/product\/8453"}],"collection":[{"href":"https:\/\/vetvisuals.com\/shop\/wp-json\/wp\/v2\/product"}],"about":[{"href":"https:\/\/vetvisuals.com\/shop\/wp-json\/wp\/v2\/types\/product"}],"wp:featuredmedia":[{"embeddable":true,"href":"https:\/\/vetvisuals.com\/shop\/wp-json\/wp\/v2\/media\/9237"}],"wp:attachment":[{"href":"https:\/\/vetvisuals.com\/shop\/wp-json\/wp\/v2\/media?parent=8453"}],"wp:term":[{"taxonomy":"product_cat","embeddable":true,"href":"https:\/\/vetvisuals.com\/shop\/wp-json\/wp\/v2\/product_cat?post=8453"},{"taxonomy":"product_tag","embeddable":true,"href":"https:\/\/vetvisuals.com\/shop\/wp-json\/wp\/v2\/product_tag?post=8453"}],"curies":[{"name":"wp","href":"https:\/\/api.w.org\/{rel}","templated":true}]}}