{"id":10872,"date":"2024-01-22T09:09:19","date_gmt":"2024-01-22T09:09:19","guid":{"rendered":"https:\/\/vetvisuals.com\/shop\/?post_type=product&#038;p=10872"},"modified":"2024-01-23T08:45:15","modified_gmt":"2024-01-23T08:45:15","slug":"cobalamine-b12-deficientie","status":"publish","type":"product","link":"https:\/\/vetvisuals.com\/shop\/shop\/cobalamine-b12-deficientie\/","title":{"rendered":"Vitamine B12 suppletie bij de hond"},"content":{"rendered":"<h2>Cobalamine defici\u00ebntie, oftewel een gebrek aan vitamine B12, is een zwaar onderschat probleem bij mens en dier<\/h2>\n<p>Bij honden blijkt bij met name chronische enteropathie en\/of exocriene pancreas insuffici\u00ebntie (EPI) zeer vaak sprake te zijn van cobalamine defici\u00ebntie. Daarnaast worden erfelijke cobalamine malabsorptie syndromen steeds vaker herkend.<\/p>\n<p>De negatieve gevolgen van een cobalamine defici\u00ebntie zijn groot. Het gebrek aan cobalamine kan onder andere resulteren in anorexie, braken, diarree, gewichtsverlies, immuundefici\u00ebntie, verminderd uithoudingsvermogen en perifere en centrale neurologische klachten.<\/p>\n<p>Wordt cobalamine niet gesupplementeerd, dan verergeren de klachten en zal ook een behandeling van een onderliggende aandoening vaak onvoldoende succesvol zijn. Daarnaast vormt cobalamine defici\u00ebntie een negatieve prognostische factor voor diverse aandoeningen.<\/p>\n<p>Helaas wordt nog steeds bij veel te weinig pati\u00ebnten diagnostiek naar een mogelijke cobalamine defici\u00ebntie verricht en wordt de impact van deze defici\u00ebntie onderschat. Tijd voor verandering! Vroegtijdige opsporing van een vitamine B12 gebrek, gevolgd door cobalamine suppletie kan levensreddend zijn!<\/p>\n<h3><strong>NIEUWS<\/strong><\/h3>\n<p>Tot voor kort werd gedacht dat alleen parenterale toediening van cobalamine effectief is in het normaliseren van de cobalamine concentratie in het lichaam. Uit recente onderzoeken blijkt echter dat orale toediening van hoge doseringen cobalamine bij de hond leidt tot herstel van de cobalamine concentratie.<\/p>\n<p>Bij welke honden is testen voor cobalamine defici\u00ebntie verstandig? Wanneer start u met cobalamine suppletie en welke dosering kunt u aanhouden? Hoe lang moet de behandeling worden voortgezet en is controle noodzakelijk?<\/p>\n<p id=\"yui_3_17_2_1_1705914465361_40\">Wilt u de prognose verbeteren van honden met chronische darmproblemen of EPI? Ga dan nu aan de slag met de praktische tips uit dit artikel!<\/p>\n<p>&nbsp;<\/p>\n<h3>Leerdoelen<\/h3>\n<div>\n<p align=\"left\"><span lang=\"NL\">Aan het eind van dit artikel:<\/span><\/p>\n<ul id=\"yui_3_17_2_1_1591690035626_1324\">\n<li>Weet u dat mens en dier zelf geen cobalamine kunnen aanmaken.<\/li>\n<li>Kunt u in grote lijnen aangeven hoe het cobalamine metabolisme bij de hond eruit ziet.<\/li>\n<li>Beseft u zich dat cobalamine defici\u00ebntie frequent voorkomt bij de hond.<\/li>\n<li>Bent u op de hoogte van raspredisposities voor cobalamine defici\u00ebntie.<\/li>\n<li>Kunt u aan een eigenaar uitleggen wat de mogelijke oorzaken van cobalamine defici\u00ebntie zijn.<\/li>\n<li>Kent u de mogelijke gevolgen van cobalamine defici\u00ebntie.<\/li>\n<li>Weet u in welke gevallen u moet denken aan cobalamine defici\u00ebntie.<\/li>\n<li>Onderkent u de mogelijke relevantie van een laag-normale serum cobalamine concentratie.<\/li>\n<li>Weet u welke vitamine B preparaten geschikt zijn voor suppletie.<\/li>\n<li>Bent u op de hoogte van de effectiviteit van parenterale en orale cobalamine suppletie.<\/li>\n<li>Kent u de mogelijke cobalamine doseringsschema\u2019s.<\/li>\n<li>Beseft u het belang van monitoring.<\/li>\n<\/ul>\n<p>&nbsp;<\/p>\n<h3>Inhoudsopgave<\/h3>\n<ul>\n<li>Inleiding<\/li>\n<li><a class=\"\" title=\"Cobalamine\" href=\"https:\/\/www.vetvisuals.com\/lms\/moodle\/mod\/book\/view.php?id=3611&amp;chapterid=12084\">Cobalamine<\/a><\/li>\n<li><a class=\"\" title=\"Een zwaar onderschat probleem\" href=\"https:\/\/www.vetvisuals.com\/lms\/moodle\/mod\/book\/view.php?id=3611&amp;chapterid=12085\">Een zwaar onderschat probleem<\/a><\/li>\n<li><a class=\"\" title=\"Raspredisposities\" href=\"https:\/\/www.vetvisuals.com\/lms\/moodle\/mod\/book\/view.php?id=3611&amp;chapterid=12086\">Raspredisposities<\/a><\/li>\n<li><a class=\"\" title=\"Oorzaken\" href=\"https:\/\/www.vetvisuals.com\/lms\/moodle\/mod\/book\/view.php?id=3611&amp;chapterid=12087\">Oorzaken<\/a><\/li>\n<li><a class=\"\" title=\"Gevolgen\" href=\"https:\/\/www.vetvisuals.com\/lms\/moodle\/mod\/book\/view.php?id=3611&amp;chapterid=12088\">Gevolgen<\/a><\/li>\n<li><a class=\"\" title=\"Diagnostiek\" href=\"https:\/\/www.vetvisuals.com\/lms\/moodle\/mod\/book\/view.php?id=3611&amp;chapterid=12089\">Diagnostiek<\/a><\/li>\n<li><a class=\"\" title=\"Cobalamine suppletie\" href=\"https:\/\/www.vetvisuals.com\/lms\/moodle\/mod\/book\/view.php?id=3611&amp;chapterid=12090\">Cobalamine suppletie<\/a>\n<ul>\n<li><a class=\"\" title=\"Parenterale of orale suppletie?\" href=\"https:\/\/www.vetvisuals.com\/lms\/moodle\/mod\/book\/view.php?id=3611&amp;chapterid=12091\">Parenterale of orale suppletie?<\/a><\/li>\n<li><a class=\"\" title=\"Orale suppletie\" href=\"https:\/\/www.vetvisuals.com\/lms\/moodle\/mod\/book\/view.php?id=3611&amp;chapterid=12092\">Orale suppletie<\/a><\/li>\n<li><a class=\"\" title=\"Welke parenterale preparaten?\" href=\"https:\/\/www.vetvisuals.com\/lms\/moodle\/mod\/book\/view.php?id=3611&amp;chapterid=12093\">Welke parenterale preparaten?<\/a><\/li>\n<li><a class=\"\" title=\"Welke orale preparaten?\" href=\"https:\/\/www.vetvisuals.com\/lms\/moodle\/mod\/book\/view.php?id=3611&amp;chapterid=12094\">Welke orale preparaten?<\/a><\/li>\n<li><a class=\"\" title=\"Welke dosering?\" href=\"https:\/\/www.vetvisuals.com\/lms\/moodle\/mod\/book\/view.php?id=3611&amp;chapterid=12095\">Welke dosering?<\/a><\/li>\n<li><a class=\"\" title=\"Wanneer is effect te verwachten?\" href=\"https:\/\/www.vetvisuals.com\/lms\/moodle\/mod\/book\/view.php?id=3611&amp;chapterid=12096\">Wanneer is effect te verwachten?<\/a><\/li>\n<\/ul>\n<\/li>\n<li><a class=\"\" title=\"Monitoring is essentieel\" href=\"https:\/\/www.vetvisuals.com\/lms\/moodle\/mod\/book\/view.php?id=3611&amp;chapterid=12097\">Monitoring is essentieel<\/a><\/li>\n<li><a class=\"\" title=\"Bronnen\" href=\"https:\/\/www.vetvisuals.com\/lms\/moodle\/mod\/book\/view.php?id=3611&amp;chapterid=12098\">Bronnen<\/a><\/li>\n<\/ul>\n<\/div>\n","protected":false},"excerpt":{"rendered":"<p>Met deze kennis kunt u levensreddende veranderingen aanbrengen in de zorg voor uw pati\u00ebnten. Ga vandaag nog aan de slag met de praktische tips uit dit artikel!<\/p>\n","protected":false},"featured_media":10873,"template":"","meta":[],"product_cat":[1078,51,552],"product_tag":[52,53,4570],"yoast_head":"<!-- This site is optimized with the Yoast SEO Premium plugin v23.5 (Yoast SEO v23.5) - https:\/\/yoast.com\/wordpress\/plugins\/seo\/ -->\n<title>Vitamine B12 suppletie bij de hond - VetVisuals\u00ae Shop<\/title>\n<meta name=\"description\" content=\"Cobalamine defici\u00ebntie, oftewel een gebrek aan vitamine B12, is een zwaar onderschat probleem bij mens en dier. Wilt u de prognose verbeteren van honden met chronische darmproblemen of EPI? Ga dan nu aan de slag met de praktische tips uit dit artikel!\" \/>\n<meta name=\"robots\" content=\"index, follow, max-snippet:-1, max-image-preview:large, max-video-preview:-1\" \/>\n<link rel=\"canonical\" href=\"https:\/\/vetvisuals.com\/shop\/shop\/cobalamine-b12-deficientie\/\" \/>\n<meta property=\"og:locale\" content=\"en_US\" \/>\n<meta property=\"og:type\" content=\"article\" \/>\n<meta property=\"og:title\" content=\"Acute en chronische diarree bij de kat\" \/>\n<meta property=\"og:description\" content=\"Helaas worden antibiotica vaak ondoordacht voorgeschreven aan katten met diarree, waarbij het verdwijnen van klinische symptomen vaak ten onrechte gelijkgesteld wordt met de uitroeiing van de vermeende infectieuze ziekteverwekker.WAARSCHUWING: Antibiotica inzetten bij diarree kent grote nadelen. Lees verder...\" \/>\n<meta property=\"og:url\" content=\"https:\/\/vetvisuals.com\/shop\/shop\/cobalamine-b12-deficientie\/\" \/>\n<meta property=\"og:site_name\" content=\"VetVisuals\u00ae Shop\" \/>\n<meta property=\"article:modified_time\" content=\"2024-01-23T08:45:15+00:00\" \/>\n<meta property=\"og:image\" content=\"https:\/\/vetvisuals.com\/shop\/wp-content\/uploads\/2020\/06\/Acute-en-chronische-diarree-bij-de-kat-2.jpg\" \/>\n\t<meta property=\"og:image:width\" content=\"1000\" \/>\n\t<meta property=\"og:image:height\" content=\"667\" \/>\n\t<meta property=\"og:image:type\" content=\"image\/jpeg\" \/>\n<meta name=\"twitter:card\" content=\"summary_large_image\" \/>\n<meta name=\"twitter:title\" content=\"Vitamine B12 suppletie bij de hond\" \/>\n<meta name=\"twitter:label1\" content=\"Price\" \/>\n\t<meta name=\"twitter:data1\" content=\"&euro;34.95\" \/>\n\t<meta name=\"twitter:label2\" content=\"Availability\" \/>\n\t<meta name=\"twitter:data2\" content=\"In stock\" \/>\n<script type=\"application\/ld+json\" class=\"yoast-schema-graph\">{\"@context\":\"https:\/\/schema.org\",\"@graph\":[{\"@type\":\"WebPage\",\"@id\":\"https:\/\/vetvisuals.com\/shop\/shop\/cobalamine-b12-deficientie\/\",\"url\":\"https:\/\/vetvisuals.com\/shop\/shop\/cobalamine-b12-deficientie\/\",\"name\":\"Vitamine B12 suppletie bij de hond - VetVisuals\u00ae Shop\",\"isPartOf\":{\"@id\":\"https:\/\/vetvisuals.com\/shop\/#website\"},\"primaryImageOfPage\":{\"@id\":\"https:\/\/vetvisuals.com\/shop\/shop\/cobalamine-b12-deficientie\/#primaryimage\"},\"image\":{\"@id\":\"https:\/\/vetvisuals.com\/shop\/shop\/cobalamine-b12-deficientie\/#primaryimage\"},\"thumbnailUrl\":\"https:\/\/vetvisuals.com\/shop\/wp-content\/uploads\/2024\/01\/Veterinaire-nascholing-dierenarts-paraveterinair-VetVisuals.jpg\",\"datePublished\":\"2024-01-22T09:09:19+00:00\",\"dateModified\":\"2024-01-23T08:45:15+00:00\",\"description\":\"Cobalamine defici\u00ebntie, oftewel een gebrek aan vitamine B12, is een zwaar onderschat probleem bij mens en dier. Wilt u de prognose verbeteren van honden met chronische darmproblemen of EPI? Ga dan nu aan de slag met de praktische tips uit dit artikel!\",\"breadcrumb\":{\"@id\":\"https:\/\/vetvisuals.com\/shop\/shop\/cobalamine-b12-deficientie\/#breadcrumb\"},\"inLanguage\":\"en-US\",\"potentialAction\":[{\"@type\":\"ReadAction\",\"target\":[\"https:\/\/vetvisuals.com\/shop\/shop\/cobalamine-b12-deficientie\/\"]}]},{\"@type\":\"ImageObject\",\"inLanguage\":\"en-US\",\"@id\":\"https:\/\/vetvisuals.com\/shop\/shop\/cobalamine-b12-deficientie\/#primaryimage\",\"url\":\"https:\/\/vetvisuals.com\/shop\/wp-content\/uploads\/2024\/01\/Veterinaire-nascholing-dierenarts-paraveterinair-VetVisuals.jpg\",\"contentUrl\":\"https:\/\/vetvisuals.com\/shop\/wp-content\/uploads\/2024\/01\/Veterinaire-nascholing-dierenarts-paraveterinair-VetVisuals.jpg\",\"width\":1000,\"height\":668,\"caption\":\"Veterinaire nascholing dierenarts paraveterinair VetVisuals\"},{\"@type\":\"BreadcrumbList\",\"@id\":\"https:\/\/vetvisuals.com\/shop\/shop\/cobalamine-b12-deficientie\/#breadcrumb\",\"itemListElement\":[{\"@type\":\"ListItem\",\"position\":1,\"name\":\"Home\",\"item\":\"https:\/\/vetvisuals.com\/shop\/\"},{\"@type\":\"ListItem\",\"position\":2,\"name\":\"Winkel\",\"item\":\"https:\/\/vetvisuals.com\/shop\/winkel\/\"},{\"@type\":\"ListItem\",\"position\":3,\"name\":\"Vitamine B12 suppletie bij de hond\"}]},{\"@type\":\"WebSite\",\"@id\":\"https:\/\/vetvisuals.com\/shop\/#website\",\"url\":\"https:\/\/vetvisuals.com\/shop\/\",\"name\":\"VetVisuals\",\"description\":\"Veterinaire nascholing voor dierenarts en paraveterinair dierenartsassistent\",\"publisher\":{\"@id\":\"https:\/\/vetvisuals.com\/shop\/#organization\"},\"alternateName\":\"Veterinaire Nascholing\",\"potentialAction\":[{\"@type\":\"SearchAction\",\"target\":{\"@type\":\"EntryPoint\",\"urlTemplate\":\"https:\/\/vetvisuals.com\/shop\/?s={search_term_string}\"},\"query-input\":{\"@type\":\"PropertyValueSpecification\",\"valueRequired\":true,\"valueName\":\"search_term_string\"}}],\"inLanguage\":\"en-US\"},{\"@type\":\"Organization\",\"@id\":\"https:\/\/vetvisuals.com\/shop\/#organization\",\"name\":\"Roman House Productions Ltd\",\"alternateName\":\"VetVisuals\",\"url\":\"https:\/\/vetvisuals.com\/shop\/\",\"logo\":{\"@type\":\"ImageObject\",\"inLanguage\":\"en-US\",\"@id\":\"https:\/\/vetvisuals.com\/shop\/#\/schema\/logo\/image\/\",\"url\":\"https:\/\/vetvisuals.com\/shop\/wp-content\/uploads\/2019\/01\/logo-vv-newdp.jpg\",\"contentUrl\":\"https:\/\/vetvisuals.com\/shop\/wp-content\/uploads\/2019\/01\/logo-vv-newdp.jpg\",\"width\":300,\"height\":67,\"caption\":\"Roman House Productions Ltd\"},\"image\":{\"@id\":\"https:\/\/vetvisuals.com\/shop\/#\/schema\/logo\/image\/\"},\"sameAs\":[\"https:\/\/www.instagram.com\/vetvisuals.nl\/\"]}]}<\/script>\n<meta property=\"product:price:amount\" content=\"34.95\" \/>\n<meta property=\"product:price:currency\" content=\"EUR\" \/>\n<meta property=\"og:availability\" content=\"instock\" \/>\n<meta property=\"product:availability\" content=\"instock\" \/>\n<meta property=\"product:condition\" content=\"new\" \/>\n<!-- \/ Yoast SEO Premium plugin. -->","yoast_head_json":{"title":"Vitamine B12 suppletie bij de hond - VetVisuals\u00ae Shop","description":"Cobalamine defici\u00ebntie, oftewel een gebrek aan vitamine B12, is een zwaar onderschat probleem bij mens en dier. Wilt u de prognose verbeteren van honden met chronische darmproblemen of EPI? Ga dan nu aan de slag met de praktische tips uit dit artikel!","robots":{"index":"index","follow":"follow","max-snippet":"max-snippet:-1","max-image-preview":"max-image-preview:large","max-video-preview":"max-video-preview:-1"},"canonical":"https:\/\/vetvisuals.com\/shop\/shop\/cobalamine-b12-deficientie\/","og_locale":"en_US","og_type":"article","og_title":"Acute en chronische diarree bij de kat","og_description":"Helaas worden antibiotica vaak ondoordacht voorgeschreven aan katten met diarree, waarbij het verdwijnen van klinische symptomen vaak ten onrechte gelijkgesteld wordt met de uitroeiing van de vermeende infectieuze ziekteverwekker.WAARSCHUWING: Antibiotica inzetten bij diarree kent grote nadelen. Lees verder...","og_url":"https:\/\/vetvisuals.com\/shop\/shop\/cobalamine-b12-deficientie\/","og_site_name":"VetVisuals\u00ae Shop","article_modified_time":"2024-01-23T08:45:15+00:00","og_image":[{"width":1000,"height":667,"url":"https:\/\/vetvisuals.com\/shop\/wp-content\/uploads\/2020\/06\/Acute-en-chronische-diarree-bij-de-kat-2.jpg","type":"image\/jpeg"}],"twitter_card":"summary_large_image","twitter_title":"Vitamine B12 suppletie bij de hond","twitter_misc":{"Price":"&euro;34.95","Availability":"In stock"},"schema":{"@context":"https:\/\/schema.org","@graph":[{"@type":"WebPage","@id":"https:\/\/vetvisuals.com\/shop\/shop\/cobalamine-b12-deficientie\/","url":"https:\/\/vetvisuals.com\/shop\/shop\/cobalamine-b12-deficientie\/","name":"Vitamine B12 suppletie bij de hond - VetVisuals\u00ae Shop","isPartOf":{"@id":"https:\/\/vetvisuals.com\/shop\/#website"},"primaryImageOfPage":{"@id":"https:\/\/vetvisuals.com\/shop\/shop\/cobalamine-b12-deficientie\/#primaryimage"},"image":{"@id":"https:\/\/vetvisuals.com\/shop\/shop\/cobalamine-b12-deficientie\/#primaryimage"},"thumbnailUrl":"https:\/\/vetvisuals.com\/shop\/wp-content\/uploads\/2024\/01\/Veterinaire-nascholing-dierenarts-paraveterinair-VetVisuals.jpg","datePublished":"2024-01-22T09:09:19+00:00","dateModified":"2024-01-23T08:45:15+00:00","description":"Cobalamine defici\u00ebntie, oftewel een gebrek aan vitamine B12, is een zwaar onderschat probleem bij mens en dier. Wilt u de prognose verbeteren van honden met chronische darmproblemen of EPI? Ga dan nu aan de slag met de praktische tips uit dit artikel!","breadcrumb":{"@id":"https:\/\/vetvisuals.com\/shop\/shop\/cobalamine-b12-deficientie\/#breadcrumb"},"inLanguage":"en-US","potentialAction":[{"@type":"ReadAction","target":["https:\/\/vetvisuals.com\/shop\/shop\/cobalamine-b12-deficientie\/"]}]},{"@type":"ImageObject","inLanguage":"en-US","@id":"https:\/\/vetvisuals.com\/shop\/shop\/cobalamine-b12-deficientie\/#primaryimage","url":"https:\/\/vetvisuals.com\/shop\/wp-content\/uploads\/2024\/01\/Veterinaire-nascholing-dierenarts-paraveterinair-VetVisuals.jpg","contentUrl":"https:\/\/vetvisuals.com\/shop\/wp-content\/uploads\/2024\/01\/Veterinaire-nascholing-dierenarts-paraveterinair-VetVisuals.jpg","width":1000,"height":668,"caption":"Veterinaire nascholing dierenarts paraveterinair VetVisuals"},{"@type":"BreadcrumbList","@id":"https:\/\/vetvisuals.com\/shop\/shop\/cobalamine-b12-deficientie\/#breadcrumb","itemListElement":[{"@type":"ListItem","position":1,"name":"Home","item":"https:\/\/vetvisuals.com\/shop\/"},{"@type":"ListItem","position":2,"name":"Winkel","item":"https:\/\/vetvisuals.com\/shop\/winkel\/"},{"@type":"ListItem","position":3,"name":"Vitamine B12 suppletie bij de hond"}]},{"@type":"WebSite","@id":"https:\/\/vetvisuals.com\/shop\/#website","url":"https:\/\/vetvisuals.com\/shop\/","name":"VetVisuals","description":"Veterinaire nascholing voor dierenarts en paraveterinair dierenartsassistent","publisher":{"@id":"https:\/\/vetvisuals.com\/shop\/#organization"},"alternateName":"Veterinaire Nascholing","potentialAction":[{"@type":"SearchAction","target":{"@type":"EntryPoint","urlTemplate":"https:\/\/vetvisuals.com\/shop\/?s={search_term_string}"},"query-input":{"@type":"PropertyValueSpecification","valueRequired":true,"valueName":"search_term_string"}}],"inLanguage":"en-US"},{"@type":"Organization","@id":"https:\/\/vetvisuals.com\/shop\/#organization","name":"Roman House Productions Ltd","alternateName":"VetVisuals","url":"https:\/\/vetvisuals.com\/shop\/","logo":{"@type":"ImageObject","inLanguage":"en-US","@id":"https:\/\/vetvisuals.com\/shop\/#\/schema\/logo\/image\/","url":"https:\/\/vetvisuals.com\/shop\/wp-content\/uploads\/2019\/01\/logo-vv-newdp.jpg","contentUrl":"https:\/\/vetvisuals.com\/shop\/wp-content\/uploads\/2019\/01\/logo-vv-newdp.jpg","width":300,"height":67,"caption":"Roman House Productions Ltd"},"image":{"@id":"https:\/\/vetvisuals.com\/shop\/#\/schema\/logo\/image\/"},"sameAs":["https:\/\/www.instagram.com\/vetvisuals.nl\/"]}]},"product_price_amount":"34.95","product_price_currency":"EUR","og_availability":"instock","product_availability":"instock","product_condition":"new"},"_links":{"self":[{"href":"https:\/\/vetvisuals.com\/shop\/wp-json\/wp\/v2\/product\/10872"}],"collection":[{"href":"https:\/\/vetvisuals.com\/shop\/wp-json\/wp\/v2\/product"}],"about":[{"href":"https:\/\/vetvisuals.com\/shop\/wp-json\/wp\/v2\/types\/product"}],"wp:featuredmedia":[{"embeddable":true,"href":"https:\/\/vetvisuals.com\/shop\/wp-json\/wp\/v2\/media\/10873"}],"wp:attachment":[{"href":"https:\/\/vetvisuals.com\/shop\/wp-json\/wp\/v2\/media?parent=10872"}],"wp:term":[{"taxonomy":"product_cat","embeddable":true,"href":"https:\/\/vetvisuals.com\/shop\/wp-json\/wp\/v2\/product_cat?post=10872"},{"taxonomy":"product_tag","embeddable":true,"href":"https:\/\/vetvisuals.com\/shop\/wp-json\/wp\/v2\/product_tag?post=10872"}],"curies":[{"name":"wp","href":"https:\/\/api.w.org\/{rel}","templated":true}]}}